{"id":2892,"date":"2019-04-04T09:28:46","date_gmt":"2019-04-04T09:28:46","guid":{"rendered":"https:\/\/droitthemes.com\/wp\/saasland\/?page_id=2892"},"modified":"2024-03-26T12:47:13","modified_gmt":"2024-03-26T12:47:13","slug":"get-app","status":"publish","type":"page","link":"https:\/\/gestaoadaxapps.com\/pt\/index.php\/get-app\/","title":{"rendered":"Get App"},"content":{"rendered":"\t\t<div data-elementor-type=\"wp-post\" data-elementor-id=\"2892\" class=\"elementor elementor-2892\">\n\t\t\t\t\t\t<section class=\"elementor-section elementor-top-section elementor-element elementor-element-a63f326 elementor-section-full_width elementor-section-height-default elementor-section-height-default\" data-id=\"a63f326\" data-element_type=\"section\">\n\t\t\t\t\t\t<div class=\"elementor-container elementor-column-gap-no\">\n\t\t\t\t\t<div class=\"elementor-column elementor-col-100 elementor-top-column elementor-element elementor-element-72c96027\" data-id=\"72c96027\" data-element_type=\"column\">\n\t\t\t<div class=\"elementor-widget-wrap elementor-element-populated\">\n\t\t\t\t\t\t<div class=\"elementor-element elementor-element-d423785 elementor-widget elementor-widget-saasland-download-sec\" data-id=\"d423785\" data-element_type=\"widget\" data-widget_type=\"saasland-download-sec.default\">\n\t\t\t\t<div class=\"elementor-widget-container\">\n\t\t\t        <section class=\"get_started_area\">\r\n                            <div class=\"shap one\"><\/div>\r\n                                        <div class=\"shap two\"><\/div>\r\n                                        <div class=\"shap one three\"><\/div>\r\n                                        <div class=\"shap two four\"><\/div>\r\n                        <div class=\"container\">\r\n                <div class=\"row\">\r\n                    <div class=\"col-lg-6 d-flex align-items-center\">\r\n                        <div class=\"get_content\">\r\n                            <h3><span style=\"color: #ffffff\">ADAX LAB<\/span><\/h3>\n<h2><span style=\"color: #ffffff\">Download this app Now<\/span><\/h2>\n                                                                <a href=\"https:\/\/play.google.com\/store\/apps\/details?id=webviewgold.adaxlab\"\r\n                                       class=\"app_btn app_btn_one wow fadeInLeft elementor-repeater-item-9601115\"\r\n                                       data-wow-delay=\"0.5s\" >\r\n                                       <i class=\" fab fa-apple\"><\/i>                                       Google Play                                    <\/a>\r\n                                                                        <a href=\"https:\/\/apps.apple.com\/br\/app\/adax-lab\/id1598750580\"\r\n                                       class=\"app_btn app_btn_two wow fadeInLeft elementor-repeater-item-02e3f00\"\r\n                                       data-wow-delay=\"0.6s\" >\r\n                                       <i class=\" fab fa-apple\"><\/i>                                       App Store                                    <\/a>\r\n                                                            <\/div>\r\n                    <\/div>\r\n                                            <div class=\"col-lg-6 text-right wow fadeInRight\" data-wow-delay=\"0.7s\">\r\n                            <img fetchpriority=\"high\" decoding=\"async\" width=\"523\" height=\"403\" src=\"https:\/\/gestaoadaxapps.com\/pt\/wp-content\/uploads\/2024\/03\/iPhoneX2-1-1.png\" class=\"attachment-full size-full\" alt=\"\" srcset=\"https:\/\/gestaoadaxapps.com\/pt\/wp-content\/uploads\/2024\/03\/iPhoneX2-1-1.png 523w, https:\/\/gestaoadaxapps.com\/pt\/wp-content\/uploads\/2024\/03\/iPhoneX2-1-1-300x231.png 300w\" sizes=\"(max-width: 523px) 100vw, 523px\" \/>                        <\/div>\r\n                                    <\/div>\r\n            <\/div>\r\n        <\/section>\r\n        \t\t<\/div>\n\t\t\t\t<\/div>\n\t\t\t\t\t<\/div>\n\t\t<\/div>\n\t\t\t\t\t<\/div>\n\t\t<\/section>\n\t\t\t\t<\/div>\n\t\t","protected":false},"excerpt":{"rendered":"<p>Nosso aplicativo oferece uma maneira f\u00e1cil e r\u00e1pida de acessar todos os nossos servi\u00e7os e recursos diretamente do seu dispositivo m\u00f3vel. Fa\u00e7a o download agora para aproveitar ao m\u00e1ximo o que temos a oferecer!<\/p>\n","protected":false},"author":1,"featured_media":0,"parent":0,"menu_order":0,"comment_status":"closed","ping_status":"closed","template":"page-fullwidth.php","meta":{"footnotes":""},"acf":[],"yoast_head":"<!-- This site is optimized with the Yoast SEO plugin v22.4 - https:\/\/yoast.com\/wordpress\/plugins\/seo\/ -->\n<title>Get App - ADAX LAB<\/title>\n<meta name=\"robots\" content=\"index, follow, max-snippet:-1, max-image-preview:large, max-video-preview:-1\" \/>\n<link rel=\"canonical\" href=\"https:\/\/gestaoadaxapps.com\/pt\/index.php\/get-app\/\" \/>\n<meta property=\"og:locale\" content=\"pt_PT\" \/>\n<meta property=\"og:type\" content=\"article\" \/>\n<meta property=\"og:title\" content=\"Get App - ADAX LAB\" \/>\n<meta property=\"og:description\" content=\"Nosso aplicativo oferece uma maneira f\u00e1cil e r\u00e1pida de acessar todos os nossos servi\u00e7os e recursos diretamente do seu dispositivo m\u00f3vel. Fa\u00e7a o download agora para aproveitar ao m\u00e1ximo o que temos a oferecer!\" \/>\n<meta property=\"og:url\" content=\"https:\/\/gestaoadaxapps.com\/pt\/index.php\/get-app\/\" \/>\n<meta property=\"og:site_name\" content=\"ADAX LAB\" \/>\n<meta property=\"article:publisher\" content=\"http:\/\/facebook.com\/adaxsoftware\" \/>\n<meta property=\"article:modified_time\" content=\"2024-03-26T12:47:13+00:00\" \/>\n<meta property=\"og:image\" content=\"https:\/\/gestaoadaxapps.com\/pt\/wp-content\/uploads\/2024\/03\/iPhoneX2-1-1.png\" \/>\n<meta name=\"twitter:card\" content=\"summary_large_image\" \/>\n<meta name=\"twitter:label1\" content=\"Tempo estimado de leitura\" \/>\n\t<meta name=\"twitter:data1\" content=\"1 minuto\" \/>\n<script type=\"application\/ld+json\" class=\"yoast-schema-graph\">{\"@context\":\"https:\/\/schema.org\",\"@graph\":[{\"@type\":\"WebPage\",\"@id\":\"https:\/\/gestaoadaxapps.com\/pt\/index.php\/get-app\/\",\"url\":\"https:\/\/gestaoadaxapps.com\/pt\/index.php\/get-app\/\",\"name\":\"Get App - ADAX LAB\",\"isPartOf\":{\"@id\":\"https:\/\/gestaoadaxapps.com\/pt\/#website\"},\"primaryImageOfPage\":{\"@id\":\"https:\/\/gestaoadaxapps.com\/pt\/index.php\/get-app\/#primaryimage\"},\"image\":{\"@id\":\"https:\/\/gestaoadaxapps.com\/pt\/index.php\/get-app\/#primaryimage\"},\"thumbnailUrl\":\"https:\/\/gestaoadaxapps.com\/pt\/wp-content\/uploads\/2024\/03\/iPhoneX2-1-1.png\",\"datePublished\":\"2019-04-04T09:28:46+00:00\",\"dateModified\":\"2024-03-26T12:47:13+00:00\",\"breadcrumb\":{\"@id\":\"https:\/\/gestaoadaxapps.com\/pt\/index.php\/get-app\/#breadcrumb\"},\"inLanguage\":\"pt-PT\",\"potentialAction\":[{\"@type\":\"ReadAction\",\"target\":[\"https:\/\/gestaoadaxapps.com\/pt\/index.php\/get-app\/\"]}]},{\"@type\":\"ImageObject\",\"inLanguage\":\"pt-PT\",\"@id\":\"https:\/\/gestaoadaxapps.com\/pt\/index.php\/get-app\/#primaryimage\",\"url\":\"https:\/\/gestaoadaxapps.com\/pt\/wp-content\/uploads\/2024\/03\/iPhoneX2-1-1.png\",\"contentUrl\":\"https:\/\/gestaoadaxapps.com\/pt\/wp-content\/uploads\/2024\/03\/iPhoneX2-1-1.png\",\"width\":523,\"height\":403},{\"@type\":\"BreadcrumbList\",\"@id\":\"https:\/\/gestaoadaxapps.com\/pt\/index.php\/get-app\/#breadcrumb\",\"itemListElement\":[{\"@type\":\"ListItem\",\"position\":1,\"name\":\"In\u00edcio\",\"item\":\"https:\/\/gestaoadaxapps.com\/pt\/\"},{\"@type\":\"ListItem\",\"position\":2,\"name\":\"Get App\"}]},{\"@type\":\"WebSite\",\"@id\":\"https:\/\/gestaoadaxapps.com\/pt\/#website\",\"url\":\"https:\/\/gestaoadaxapps.com\/pt\/\",\"name\":\"ADAX LAB\",\"description\":\"Software para Prot\u00e9ticos\",\"publisher\":{\"@id\":\"https:\/\/gestaoadaxapps.com\/pt\/#organization\"},\"potentialAction\":[{\"@type\":\"SearchAction\",\"target\":{\"@type\":\"EntryPoint\",\"urlTemplate\":\"https:\/\/gestaoadaxapps.com\/pt\/?s={search_term_string}\"},\"query-input\":\"required name=search_term_string\"}],\"inLanguage\":\"pt-PT\"},{\"@type\":\"Organization\",\"@id\":\"https:\/\/gestaoadaxapps.com\/pt\/#organization\",\"name\":\"ADAX LAB\",\"url\":\"https:\/\/gestaoadaxapps.com\/pt\/\",\"logo\":{\"@type\":\"ImageObject\",\"inLanguage\":\"pt-PT\",\"@id\":\"https:\/\/gestaoadaxapps.com\/pt\/#\/schema\/logo\/image\/\",\"url\":\"https:\/\/gestaoadaxapps.com\/pt\/wp-content\/uploads\/2024\/03\/ico.png\",\"contentUrl\":\"https:\/\/gestaoadaxapps.com\/pt\/wp-content\/uploads\/2024\/03\/ico.png\",\"width\":512,\"height\":512,\"caption\":\"ADAX LAB\"},\"image\":{\"@id\":\"https:\/\/gestaoadaxapps.com\/pt\/#\/schema\/logo\/image\/\"},\"sameAs\":[\"http:\/\/facebook.com\/adaxsoftware\"]}]}<\/script>\n<!-- \/ Yoast SEO plugin. -->","yoast_head_json":{"title":"Get App - ADAX LAB","robots":{"index":"index","follow":"follow","max-snippet":"max-snippet:-1","max-image-preview":"max-image-preview:large","max-video-preview":"max-video-preview:-1"},"canonical":"https:\/\/gestaoadaxapps.com\/pt\/index.php\/get-app\/","og_locale":"pt_PT","og_type":"article","og_title":"Get App - ADAX LAB","og_description":"Nosso aplicativo oferece uma maneira f\u00e1cil e r\u00e1pida de acessar todos os nossos servi\u00e7os e recursos diretamente do seu dispositivo m\u00f3vel. Fa\u00e7a o download agora para aproveitar ao m\u00e1ximo o que temos a oferecer!","og_url":"https:\/\/gestaoadaxapps.com\/pt\/index.php\/get-app\/","og_site_name":"ADAX LAB","article_publisher":"http:\/\/facebook.com\/adaxsoftware","article_modified_time":"2024-03-26T12:47:13+00:00","og_image":[{"url":"https:\/\/gestaoadaxapps.com\/pt\/wp-content\/uploads\/2024\/03\/iPhoneX2-1-1.png"}],"twitter_card":"summary_large_image","twitter_misc":{"Tempo estimado de leitura":"1 minuto"},"schema":{"@context":"https:\/\/schema.org","@graph":[{"@type":"WebPage","@id":"https:\/\/gestaoadaxapps.com\/pt\/index.php\/get-app\/","url":"https:\/\/gestaoadaxapps.com\/pt\/index.php\/get-app\/","name":"Get App - ADAX LAB","isPartOf":{"@id":"https:\/\/gestaoadaxapps.com\/pt\/#website"},"primaryImageOfPage":{"@id":"https:\/\/gestaoadaxapps.com\/pt\/index.php\/get-app\/#primaryimage"},"image":{"@id":"https:\/\/gestaoadaxapps.com\/pt\/index.php\/get-app\/#primaryimage"},"thumbnailUrl":"https:\/\/gestaoadaxapps.com\/pt\/wp-content\/uploads\/2024\/03\/iPhoneX2-1-1.png","datePublished":"2019-04-04T09:28:46+00:00","dateModified":"2024-03-26T12:47:13+00:00","breadcrumb":{"@id":"https:\/\/gestaoadaxapps.com\/pt\/index.php\/get-app\/#breadcrumb"},"inLanguage":"pt-PT","potentialAction":[{"@type":"ReadAction","target":["https:\/\/gestaoadaxapps.com\/pt\/index.php\/get-app\/"]}]},{"@type":"ImageObject","inLanguage":"pt-PT","@id":"https:\/\/gestaoadaxapps.com\/pt\/index.php\/get-app\/#primaryimage","url":"https:\/\/gestaoadaxapps.com\/pt\/wp-content\/uploads\/2024\/03\/iPhoneX2-1-1.png","contentUrl":"https:\/\/gestaoadaxapps.com\/pt\/wp-content\/uploads\/2024\/03\/iPhoneX2-1-1.png","width":523,"height":403},{"@type":"BreadcrumbList","@id":"https:\/\/gestaoadaxapps.com\/pt\/index.php\/get-app\/#breadcrumb","itemListElement":[{"@type":"ListItem","position":1,"name":"In\u00edcio","item":"https:\/\/gestaoadaxapps.com\/pt\/"},{"@type":"ListItem","position":2,"name":"Get App"}]},{"@type":"WebSite","@id":"https:\/\/gestaoadaxapps.com\/pt\/#website","url":"https:\/\/gestaoadaxapps.com\/pt\/","name":"ADAX LAB","description":"Software para Prot\u00e9ticos","publisher":{"@id":"https:\/\/gestaoadaxapps.com\/pt\/#organization"},"potentialAction":[{"@type":"SearchAction","target":{"@type":"EntryPoint","urlTemplate":"https:\/\/gestaoadaxapps.com\/pt\/?s={search_term_string}"},"query-input":"required name=search_term_string"}],"inLanguage":"pt-PT"},{"@type":"Organization","@id":"https:\/\/gestaoadaxapps.com\/pt\/#organization","name":"ADAX LAB","url":"https:\/\/gestaoadaxapps.com\/pt\/","logo":{"@type":"ImageObject","inLanguage":"pt-PT","@id":"https:\/\/gestaoadaxapps.com\/pt\/#\/schema\/logo\/image\/","url":"https:\/\/gestaoadaxapps.com\/pt\/wp-content\/uploads\/2024\/03\/ico.png","contentUrl":"https:\/\/gestaoadaxapps.com\/pt\/wp-content\/uploads\/2024\/03\/ico.png","width":512,"height":512,"caption":"ADAX LAB"},"image":{"@id":"https:\/\/gestaoadaxapps.com\/pt\/#\/schema\/logo\/image\/"},"sameAs":["http:\/\/facebook.com\/adaxsoftware"]}]}},"_links":{"self":[{"href":"https:\/\/gestaoadaxapps.com\/pt\/index.php\/wp-json\/wp\/v2\/pages\/2892"}],"collection":[{"href":"https:\/\/gestaoadaxapps.com\/pt\/index.php\/wp-json\/wp\/v2\/pages"}],"about":[{"href":"https:\/\/gestaoadaxapps.com\/pt\/index.php\/wp-json\/wp\/v2\/types\/page"}],"author":[{"embeddable":true,"href":"https:\/\/gestaoadaxapps.com\/pt\/index.php\/wp-json\/wp\/v2\/users\/1"}],"replies":[{"embeddable":true,"href":"https:\/\/gestaoadaxapps.com\/pt\/index.php\/wp-json\/wp\/v2\/comments?post=2892"}],"version-history":[{"count":16,"href":"https:\/\/gestaoadaxapps.com\/pt\/index.php\/wp-json\/wp\/v2\/pages\/2892\/revisions"}],"predecessor-version":[{"id":14968,"href":"https:\/\/gestaoadaxapps.com\/pt\/index.php\/wp-json\/wp\/v2\/pages\/2892\/revisions\/14968"}],"wp:attachment":[{"href":"https:\/\/gestaoadaxapps.com\/pt\/index.php\/wp-json\/wp\/v2\/media?parent=2892"}],"curies":[{"name":"wp","href":"https:\/\/api.w.org\/{rel}","templated":true}]}}